{"id":77555,"date":"2020-02-25T13:33:18","date_gmt":"2020-02-25T12:33:18","guid":{"rendered":"https:\/\/saez.law\/contacta\/"},"modified":"2024-07-17T17:35:09","modified_gmt":"2024-07-17T15:35:09","slug":"contacta","status":"publish","type":"page","link":"https:\/\/saez.law\/pt-pt\/contacta\/","title":{"rendered":"Contacta"},"content":{"rendered":"\n<div style=\"height:60px\" aria-hidden=\"true\" class=\"wp-block-spacer\"><\/div>\n\n\n\n<h1 class=\"wp-block-heading alignwide\"><strong>Diga-nos, em que podemos ajudar em Espanha?<\/strong><\/h1>\n\n\n\n<div class=\"wp-block-columns alignwide is-layout-flex wp-container-core-columns-is-layout-9d6595d7 wp-block-columns-is-layout-flex\">\n<div class=\"wp-block-column is-layout-flow wp-block-column-is-layout-flow\">\n<p class=\"has-xl-font-size\">Defendemos pessoas e empresas da inspe\u00e7\u00e3o da Autoridade Tribut\u00e1ria em Espanha e ensinamos como se livrar de d\u00edvidas fiscais.<\/p>\n\n\n\n<p class=\"has-xl-font-size\">Assim, pode fazer as pazes com o Fisco em Espanha, conservar o seu dinheiro e proteger o seu patrim\u00f3nio. Se tiver d\u00favidas ou perguntas, <strong>estamos \u00e0 disposi\u00e7\u00e3o para esclarecer o que for necess\u00e1rio.<\/strong><\/p>\n<\/div>\n<\/div>\n\n\n\n<div class=\"wp-block-columns alignwide is-layout-flex wp-container-core-columns-is-layout-9d6595d7 wp-block-columns-is-layout-flex\">\n<div class=\"wp-block-column is-layout-flow wp-block-column-is-layout-flow\">\n<p class=\"has-text-align-left has-dark-color has-text-color has-xl-font-size\"><a href=\"https:\/\/api.whatsapp.com\/send?phone=34627136035\" target=\"\" rel=\"noopener noreferrer\"><img data-opt-id=782098855  fetchpriority=\"high\" decoding=\"async\" width=\"100\" height=\"100\" src=\"https:\/\/mlgw227z1iku.i.optimole.com\/cb:LM5n.53bfa\/w:auto\/h:auto\/q:mauto\/f:best\/ig:avif\/https:\/\/saez.law\/wp-content\/uploads\/2019\/07\/Whatsapp_37229-1.png\" alt=\"\" class=\"wp-image-4122\" style=\"width:18px\">  +34 627 136 035<\/a><\/p>\n<\/div>\n\n\n\n<div class=\"wp-block-column is-layout-flow wp-block-column-is-layout-flow\">\n<p class=\"has-text-align-left has-dark-color has-text-color has-xl-font-size\"><a href=\"mailto:sinimpuestos@saez.law\" rel=\"noopener noreferrer\" target=\"\">\u2709 sinimpuestos@saez.law<\/a><\/p>\n<\/div>\n\n\n\n<div class=\"wp-block-column is-layout-flow wp-block-column-is-layout-flow\"><\/div>\n<\/div>\n\n\n\n<div class=\"wp-block-columns alignwide is-layout-flex wp-container-core-columns-is-layout-9d6595d7 wp-block-columns-is-layout-flex\">\n<div class=\"wp-block-column is-layout-flow wp-block-column-is-layout-flow\">\n<p class=\"has-dark-color has-text-color has-xl-font-size\">Se deseja proteger as suas poupan\u00e7as dos impostos e da <strong>inspe\u00e7\u00e3o fiscal em Espanha<\/strong>, marque uma consulta connosco. Pode faz\u00ea-lo por e-mail, WhatsApp ou atrav\u00e9s do formul\u00e1rio abaixo.<\/p>\n<\/div>\n<\/div>\n\n\n\n<div class=\"wp-block-columns alignwide is-layout-flex wp-container-core-columns-is-layout-9d6595d7 wp-block-columns-is-layout-flex\">\n<div class=\"wp-block-column is-layout-flow wp-block-column-is-layout-flow\" style=\"flex-basis:20%\"><\/div>\n\n\n\n<div class=\"wp-block-column is-layout-flow wp-block-column-is-layout-flow\" style=\"flex-basis:60%\"><script>\nvar gform;gform||(document.addEventListener(\"gform_main_scripts_loaded\",function(){gform.scriptsLoaded=!0}),document.addEventListener(\"gform\/theme\/scripts_loaded\",function(){gform.themeScriptsLoaded=!0}),window.addEventListener(\"DOMContentLoaded\",function(){gform.domLoaded=!0}),gform={domLoaded:!1,scriptsLoaded:!1,themeScriptsLoaded:!1,isFormEditor:()=>\"function\"==typeof InitializeEditor,callIfLoaded:function(o){return!(!gform.domLoaded||!gform.scriptsLoaded||!gform.themeScriptsLoaded&&!gform.isFormEditor()||(gform.isFormEditor()&&console.warn(\"The use of gform.initializeOnLoaded() is deprecated in the form editor context and will be removed in Gravity Forms 3.1.\"),o(),0))},initializeOnLoaded:function(o){gform.callIfLoaded(o)||(document.addEventListener(\"gform_main_scripts_loaded\",()=>{gform.scriptsLoaded=!0,gform.callIfLoaded(o)}),document.addEventListener(\"gform\/theme\/scripts_loaded\",()=>{gform.themeScriptsLoaded=!0,gform.callIfLoaded(o)}),window.addEventListener(\"DOMContentLoaded\",()=>{gform.domLoaded=!0,gform.callIfLoaded(o)}))},hooks:{action:{},filter:{}},addAction:function(o,r,e,t){gform.addHook(\"action\",o,r,e,t)},addFilter:function(o,r,e,t){gform.addHook(\"filter\",o,r,e,t)},doAction:function(o){gform.doHook(\"action\",o,arguments)},applyFilters:function(o){return gform.doHook(\"filter\",o,arguments)},removeAction:function(o,r){gform.removeHook(\"action\",o,r)},removeFilter:function(o,r,e){gform.removeHook(\"filter\",o,r,e)},addHook:function(o,r,e,t,n){null==gform.hooks[o][r]&&(gform.hooks[o][r]=[]);var d=gform.hooks[o][r];null==n&&(n=r+\"_\"+d.length),gform.hooks[o][r].push({tag:n,callable:e,priority:t=null==t?10:t})},doHook:function(r,o,e){var t;if(e=Array.prototype.slice.call(e,1),null!=gform.hooks[r][o]&&((o=gform.hooks[r][o]).sort(function(o,r){return o.priority-r.priority}),o.forEach(function(o){\"function\"!=typeof(t=o.callable)&&(t=window[t]),\"action\"==r?t.apply(null,e):e[0]=t.apply(null,e)})),\"filter\"==r)return e[0]},removeHook:function(o,r,t,n){var e;null!=gform.hooks[o][r]&&(e=(e=gform.hooks[o][r]).filter(function(o,r,e){return!!(null!=n&&n!=o.tag||null!=t&&t!=o.priority)}),gform.hooks[o][r]=e)}});\n<\/script>\n\n                <div class='gf_browser_gecko gform_wrapper gravity-theme gform-theme--no-framework' data-form-theme='gravity-theme' data-form-index='0' id='gform_wrapper_27' ><div id='gf_27' class='gform_anchor' tabindex='-1'><\/div>\n                        <div class='gform_heading'>\n\t\t\t\t\t\t\t<p class='gform_required_legend'><\/p>\n                        <\/div><form method='post' enctype='multipart\/form-data'  id='gform_27'  action='\/pt-pt\/wp-json\/wp\/v2\/pages\/77555#gf_27' data-formid='27' novalidate>\n                        <div class='gform-body gform_body'><div id='gform_fields_27' class='gform_fields top_label form_sublabel_below description_below validation_below'><div id=\"field_27_1\" class=\"gfield gfield--type-text gfield--input-type-text gfield_contains_required field_sublabel_below gfield--no-description field_description_below field_validation_below gfield_visibility_visible\"  ><label class='gfield_label gform-field-label' for='input_27_1'>Nome<span class=\"gfield_required\"><span class=\"gfield_required gfield_required_asterisk\">*<\/span><\/span><\/label><div class='ginput_container ginput_container_text'><input name='input_1' id='input_27_1' type='text' value='' class='large'    placeholder='&nbsp;' aria-required=\"true\" aria-invalid=\"false\"   \/><\/div><\/div><div id=\"field_27_3\" class=\"gfield gfield--type-email gfield--input-type-email gfield--width-full gfield_contains_required field_sublabel_below gfield--no-description field_description_below field_validation_below gfield_visibility_visible\"  ><label class='gfield_label gform-field-label' for='input_27_3'>Email<span class=\"gfield_required\"><span class=\"gfield_required gfield_required_asterisk\">*<\/span><\/span><\/label><div class='ginput_container ginput_container_email'>\n                            <input name='input_3' id='input_27_3' type='email' value='' class='large'   placeholder='&nbsp;' aria-required=\"true\" aria-invalid=\"false\"  \/>\n                        <\/div><\/div><div id=\"field_27_2\" class=\"gfield gfield--type-phone gfield--input-type-phone gfield--width-full field_sublabel_below gfield--no-description field_description_below field_validation_below gfield_visibility_visible\"  ><label class='gfield_label gform-field-label' for='input_27_2'>Telefone<\/label><div class='ginput_container ginput_container_phone'><input name='input_2' id='input_27_2' type='tel' value='' class='large'  placeholder='&nbsp;'  aria-invalid=\"false\"   \/><\/div><\/div><div id=\"field_27_4\" class=\"gfield gfield--type-textarea gfield--input-type-textarea field_sublabel_below gfield--no-description field_description_below field_validation_below gfield_visibility_visible\"  ><label class='gfield_label gform-field-label' for='input_27_4'>Quer adiantar-me o assunto que o preocupa?<\/label><div class='ginput_container ginput_container_textarea'><textarea name='input_4' id='input_27_4' class='textarea medium'    placeholder='&nbsp;'  aria-invalid=\"false\"   rows='10' cols='50'><\/textarea><\/div><\/div><fieldset id=\"field_27_5\" class=\"gfield gfield--type-consent gfield--type-choice gfield--input-type-consent gfield_contains_required field_sublabel_below gfield--no-description field_description_below field_validation_below gfield_visibility_visible\"  ><legend class='gfield_label gform-field-label gfield_label_before_complex' >Consentimento<span class=\"gfield_required\"><span class=\"gfield_required gfield_required_asterisk\">*<\/span><\/span><\/legend><div class='ginput_container ginput_container_consent'><input name='input_5.1' id='input_27_5_1' type='checkbox' value='1'   aria-required=\"true\" aria-invalid=\"false\"   \/> <label class=\"gform-field-label gform-field-label--type-inline gfield_consent_label\" for='input_27_5_1' >Concordo com a <a href=\"https:\/\/saez.law\/pt-pt\/aviso-legal-2\/\">pol\u00edtica de privacidade<\/a>.<br><\/br> <p style=\"font-size: 7pt;\">Informaci\u00f3n de protecci\u00f3n de datos de primera capa. RESPONSABLE: SAEZ.LAW, S.L.U. FINALIDAD: Env\u00edo de informaci\u00f3n al interesado. LEGITIMACI\u00d3N: Consentimiento del interesado. DESTINATARIOS: Los datos facilitados no ser\u00e1n cedidos ni transferidos a terceros, salvo obligaci\u00f3n legal. DERECHOS: Acceso, rectificaci\u00f3n, supresi\u00f3n, oposici\u00f3n, limitaci\u00f3n al tratamiento, portabilidad y derecho a no ser objeto de decisiones individuales automatizadas. INFORMACI\u00d3N ADICIONAL: Puede consultar nuestra pol\u00edtica de privacidad en el siguiente enlace:  <a href=\"https:\/\/saez.law\/aviso-legal\/\">saez.law\/aviso-legal<a\/>.<\/p><\/label><input type='hidden' name='input_5.2' value='Concordo com a &lt;a href=&quot;https:\/\/saez.law\/pt-pt\/aviso-legal-2\/&quot;&gt;pol\u00edtica de privacidade&lt;\/a&gt;.&lt;br&gt;&lt;\/br&gt; &lt;p style=&quot;font-size: 7pt;&quot;&gt;Informaci\u00f3n de protecci\u00f3n de datos de primera capa. RESPONSABLE: SAEZ.LAW, S.L.U. FINALIDAD: Env\u00edo de informaci\u00f3n al interesado. LEGITIMACI\u00d3N: Consentimiento del interesado. DESTINATARIOS: Los datos facilitados no ser\u00e1n cedidos ni transferidos a terceros, salvo obligaci\u00f3n legal. DERECHOS: Acceso, rectificaci\u00f3n, supresi\u00f3n, oposici\u00f3n, limitaci\u00f3n al tratamiento, portabilidad y derecho a no ser objeto de decisiones individuales automatizadas. INFORMACI\u00d3N ADICIONAL: Puede consultar nuestra pol\u00edtica de privacidad en el siguiente enlace:  &lt;a href=&quot;https:\/\/saez.law\/aviso-legal\/&quot;&gt;saez.law\/aviso-legal&lt;a\/&gt;.&lt;\/p&gt;' class='gform_hidden' \/><input type='hidden' name='input_5.3' value='4' class='gform_hidden' \/><\/div><\/fieldset><\/div><\/div>\n        <div class='gform-footer gform_footer top_label'> <input type='submit' id='gform_submit_button_27' class='gform_button button' onclick='gform.submission.handleButtonClick(this);' data-submission-type='submit' value='Enviar tu caso'  \/> \n            <input type='hidden' class='gform_hidden' name='gform_submission_method' data-js='gform_submission_method_27' value='postback' \/>\n            <input type='hidden' class='gform_hidden' name='gform_theme' data-js='gform_theme_27' id='gform_theme_27' value='gravity-theme' \/>\n            <input type='hidden' class='gform_hidden' name='gform_style_settings' data-js='gform_style_settings_27' id='gform_style_settings_27' value='{&quot;inputPrimaryColor&quot;:&quot;#204ce5&quot;}' \/>\n            <input type='hidden' class='gform_hidden' name='is_submit_27' value='1' \/>\n            <input type='hidden' class='gform_hidden' name='gform_submit' value='27' \/>\n            \n            <input type='hidden' class='gform_hidden' name='gform_currency' data-currency='EUR' value='vfx5fUR+EHqA5WY\/xkA5v7p25mmi5gmZ87lgqd4a4joW47M41854vBZ6GiDHJ8MtL8tT71bX4T8tIFmwsu\/YZcXu+L7MFBZnQ+RUBNW8hV9u1Jk=' \/>\n            <input type='hidden' class='gform_hidden' name='gform_unique_id' value='' \/>\n            <input type='hidden' class='gform_hidden' name='state_27' value='WyJ7XCI1LjFcIjpcIjdjMjhhNjNiNjFhM2RiNjQxYzc0ZDU1ZjYzMDY3ZDQ3XCIsXCI1LjJcIjpcIjliMGQyZWE2MDE3N2FmMmQ2ZDc4ZTk3OGZlMmE1N2VjXCIsXCI1LjNcIjpcIjE5ZmQ4ZWU1ZmE2MTIzMDMyOTVlMDljNWRhMjZmZWIzXCJ9IiwiMjNhMDExYjAzNTZhZTVjMmViNzM3Nzk5NzE0N2VhMzYiXQ==' \/>\n            <input type='hidden' autocomplete='off' class='gform_hidden' name='gform_target_page_number_27' id='gform_target_page_number_27' value='0' \/>\n            <input type='hidden' autocomplete='off' class='gform_hidden' name='gform_source_page_number_27' id='gform_source_page_number_27' value='1' \/>\n            <input type='hidden' name='gform_field_values' value='' \/>\n            \n        <\/div>\n                        <\/form>\n                        <\/div><script>\ngform.initializeOnLoaded( function() {gformInitSpinner( 27, 'https:\/\/mlgw227z1iku.i.optimole.com\/cb:LM5n.53bfa\/w:auto\/h:auto\/q:mauto\/f:best\/ig:avif\/https:\/\/saez.law\/wp-content\/plugins\/gravityforms\/images\/spinner.svg', true );jQuery('#gform_ajax_frame_27').on('load',function(){var contents = jQuery(this).contents().find('*').html();var is_postback = contents.indexOf('GF_AJAX_POSTBACK') >= 0;if(!is_postback){return;}var form_content = jQuery(this).contents().find('#gform_wrapper_27');var is_confirmation = jQuery(this).contents().find('#gform_confirmation_wrapper_27').length > 0;var is_redirect = contents.indexOf('gformRedirect(){') >= 0;var is_form = form_content.length > 0 && ! is_redirect && ! is_confirmation;var mt = parseInt(jQuery('html').css('margin-top'), 10) + parseInt(jQuery('body').css('margin-top'), 10) + 100;if(is_form){jQuery('#gform_wrapper_27').html(form_content.html());if(form_content.hasClass('gform_validation_error')){jQuery('#gform_wrapper_27').addClass('gform_validation_error');} else {jQuery('#gform_wrapper_27').removeClass('gform_validation_error');}setTimeout( function() { \/* delay the scroll by 50 milliseconds to fix a bug in chrome *\/ jQuery(document).scrollTop(jQuery('#gform_wrapper_27').offset().top - mt); }, 50 );if(window['gformInitDatepicker']) {gformInitDatepicker();}if(window['gformInitPriceFields']) {gformInitPriceFields();}var current_page = jQuery('#gform_source_page_number_27').val();gformInitSpinner( 27, 'https:\/\/mlgw227z1iku.i.optimole.com\/cb:LM5n.53bfa\/w:auto\/h:auto\/q:mauto\/f:best\/ig:avif\/https:\/\/saez.law\/wp-content\/plugins\/gravityforms\/images\/spinner.svg', true );jQuery(document).trigger('gform_page_loaded', [27, current_page]);window['gf_submitting_27'] = false;}else if(!is_redirect){var confirmation_content = jQuery(this).contents().find('.GF_AJAX_POSTBACK').html();if(!confirmation_content){confirmation_content = contents;}jQuery('#gform_wrapper_27').replaceWith(confirmation_content);jQuery(document).scrollTop(jQuery('#gf_27').offset().top - mt);jQuery(document).trigger('gform_confirmation_loaded', [27]);window['gf_submitting_27'] = false;wp.a11y.speak(jQuery('#gform_confirmation_message_27').text());}else{jQuery('#gform_27').append(contents);if(window['gformRedirect']) {gformRedirect();}}jQuery(document).trigger(\"gform_pre_post_render\", [{ formId: \"27\", currentPage: \"current_page\", abort: function() { this.preventDefault(); } }]);        if (event && event.defaultPrevented) {                return;        }        const gformWrapperDiv = document.getElementById( \"gform_wrapper_27\" );        if ( gformWrapperDiv ) {            const visibilitySpan = document.createElement( \"span\" );            visibilitySpan.id = \"gform_visibility_test_27\";            gformWrapperDiv.insertAdjacentElement( \"afterend\", visibilitySpan );        }        const visibilityTestDiv = document.getElementById( \"gform_visibility_test_27\" );        let postRenderFired = false;        function triggerPostRender() {            if ( postRenderFired ) {                return;            }            postRenderFired = true;            gform.core.triggerPostRenderEvents( 27, current_page );            if ( visibilityTestDiv ) {                visibilityTestDiv.parentNode.removeChild( visibilityTestDiv );            }        }        function debounce( func, wait, immediate ) {            var timeout;            return function() {                var context = this, args = arguments;                var later = function() {                    timeout = null;                    if ( !immediate ) func.apply( context, args );                };                var callNow = immediate && !timeout;                clearTimeout( timeout );                timeout = setTimeout( later, wait );                if ( callNow ) func.apply( context, args );            };        }        const debouncedTriggerPostRender = debounce( function() {            triggerPostRender();        }, 200 );        if ( visibilityTestDiv && visibilityTestDiv.offsetParent === null ) {            const observer = new MutationObserver( ( mutations ) => {                mutations.forEach( ( mutation ) => {                    if ( mutation.type === 'attributes' && visibilityTestDiv.offsetParent !== null ) {                        debouncedTriggerPostRender();                        observer.disconnect();                    }                });            });            observer.observe( document.body, {                attributes: true,                childList: false,                subtree: true,                attributeFilter: [ 'style', 'class' ],            });        } else {            triggerPostRender();        }    } );} );\n<\/script>\n<\/div>\n\n\n\n<div class=\"wp-block-column is-layout-flow wp-block-column-is-layout-flow\" style=\"flex-basis:20%\"><\/div>\n<\/div>\n","protected":false},"excerpt":{"rendered":"<p>Diga-nos, em que podemos ajudar em Espanha? Defendemos pessoas e empresas da inspe\u00e7\u00e3o da Autoridade Tribut\u00e1ria em Espanha e ensinamos como se livrar de d\u00edvidas fiscais. Assim, pode fazer as pazes com o Fisco em Espanha, conservar o seu dinheiro e proteger o seu patrim\u00f3nio. Se tiver d\u00favidas ou perguntas, estamos \u00e0 disposi\u00e7\u00e3o para esclarecer&hellip;<\/p>\n<p class=\"more\"><a class=\"more-link\" href=\"https:\/\/saez.law\/pt-pt\/contacta\/\">Continue reading <span class=\"screen-reader-text\">Contacta<\/span><\/a><\/p>\n","protected":false},"author":1,"featured_media":0,"parent":0,"menu_order":205,"comment_status":"closed","ping_status":"closed","template":"","meta":{"footnotes":""},"class_list":["post-77555","page","type-page","status-publish","hentry","entry"],"_links":{"self":[{"href":"https:\/\/saez.law\/pt-pt\/wp-json\/wp\/v2\/pages\/77555","targetHints":{"allow":["GET"]}}],"collection":[{"href":"https:\/\/saez.law\/pt-pt\/wp-json\/wp\/v2\/pages"}],"about":[{"href":"https:\/\/saez.law\/pt-pt\/wp-json\/wp\/v2\/types\/page"}],"author":[{"embeddable":true,"href":"https:\/\/saez.law\/pt-pt\/wp-json\/wp\/v2\/users\/1"}],"replies":[{"embeddable":true,"href":"https:\/\/saez.law\/pt-pt\/wp-json\/wp\/v2\/comments?post=77555"}],"version-history":[{"count":7,"href":"https:\/\/saez.law\/pt-pt\/wp-json\/wp\/v2\/pages\/77555\/revisions"}],"predecessor-version":[{"id":79361,"href":"https:\/\/saez.law\/pt-pt\/wp-json\/wp\/v2\/pages\/77555\/revisions\/79361"}],"wp:attachment":[{"href":"https:\/\/saez.law\/pt-pt\/wp-json\/wp\/v2\/media?parent=77555"}],"curies":[{"name":"wp","href":"https:\/\/api.w.org\/{rel}","templated":true}]}}